{"id":1917,"date":"2025-03-24T16:28:28","date_gmt":"2025-03-24T16:28:28","guid":{"rendered":"\/?post_type=product&#038;p=1917"},"modified":"2026-01-27T11:30:42","modified_gmt":"2026-01-27T11:30:42","slug":"hs-221","status":"publish","type":"product","link":"https:\/\/humifin.es\/pt\/produto\/hs-221\/","title":{"rendered":"HS-221"},"content":{"rendered":"<p><strong>SISTEMA HS-221<\/strong><\/p>\n<p>La humedad por capilaridad en las paredes tiene soluci\u00f3n definitiva con nuestro sistema HS-221, disponible en tres versiones adaptadas a distintas necesidades.<\/p>\n<p>HS-221 Est\u00e1ndar: Cubre superficies desde 50m\u00b2 hasta 2500m\u00b2, con garant\u00eda de 30 a\u00f1os y garant\u00eda de<br \/>\nsecado.<\/p>","protected":false},"excerpt":{"rendered":"<p>SISTEMA HS-221 La humedad por capilaridad en las paredes tiene soluci\u00f3n definitiva con nuestro sistema HS-221, disponible en tres versiones adaptadas a distintas necesidades. HS-221 Est\u00e1ndar: Cubre superficies desde 50m\u00b2 hasta 2500m\u00b2, con garant\u00eda de 30 a\u00f1os y garant\u00eda de secado.<\/p>","protected":false},"featured_media":2070,"template":"","meta":{"_uag_custom_page_level_css":"","site-sidebar-layout":"default","site-content-layout":"","ast-site-content-layout":"default","site-content-style":"default","site-sidebar-style":"default","ast-global-header-display":"","ast-banner-title-visibility":"","ast-main-header-display":"","ast-hfb-above-header-display":"","ast-hfb-below-header-display":"","ast-hfb-mobile-header-display":"","site-post-title":"","ast-breadcrumbs-content":"","ast-featured-img":"","footer-sml-layout":"","ast-disable-related-posts":"","theme-transparent-header-meta":"default","adv-header-id-meta":"","stick-header-meta":"","header-above-stick-meta":"","header-main-stick-meta":"","header-below-stick-meta":"","astra-migrate-meta-layouts":"set","ast-page-background-enabled":"default","ast-page-background-meta":{"desktop":{"background-color":"","background-image":"","background-repeat":"repeat","background-position":"center center","background-size":"auto","background-attachment":"scroll","background-type":"","background-media":"","overlay-type":"","overlay-color":"","overlay-opacity":"","overlay-gradient":""},"tablet":{"background-color":"","background-image":"","background-repeat":"repeat","background-position":"center center","background-size":"auto","background-attachment":"scroll","background-type":"","background-media":"","overlay-type":"","overlay-color":"","overlay-opacity":"","overlay-gradient":""},"mobile":{"background-color":"","background-image":"","background-repeat":"repeat","background-position":"center center","background-size":"auto","background-attachment":"scroll","background-type":"","background-media":"","overlay-type":"","overlay-color":"","overlay-opacity":"","overlay-gradient":""}},"ast-content-background-meta":{"desktop":{"background-color":"var(--ast-global-color-5)","background-image":"","background-repeat":"repeat","background-position":"center center","background-size":"auto","background-attachment":"scroll","background-type":"","background-media":"","overlay-type":"","overlay-color":"","overlay-opacity":"","overlay-gradient":""},"tablet":{"background-color":"var(--ast-global-color-5)","background-image":"","background-repeat":"repeat","background-position":"center center","background-size":"auto","background-attachment":"scroll","background-type":"","background-media":"","overlay-type":"","overlay-color":"","overlay-opacity":"","overlay-gradient":""},"mobile":{"background-color":"var(--ast-global-color-5)","background-image":"","background-repeat":"repeat","background-position":"center center","background-size":"auto","background-attachment":"scroll","background-type":"","background-media":"","overlay-type":"","overlay-color":"","overlay-opacity":"","overlay-gradient":""}}},"product_brand":[],"product_cat":[21],"product_tag":[],"class_list":{"0":"post-1917","1":"product","2":"type-product","3":"status-publish","4":"has-post-thumbnail","6":"product_cat-hs","7":"desktop-align-left","8":"tablet-align-left","9":"mobile-align-left","11":"first","12":"instock","13":"shipping-taxable","14":"purchasable","15":"product-type-variable"},"yoast_head":"<!-- This site is optimized with the Yoast SEO plugin v26.7 - https:\/\/yoast.com\/wordpress\/plugins\/seo\/ -->\n<title>HS-221 Precio: Sistema antihumedad sin obras | Humifin<\/title>\n<meta name=\"description\" content=\"Consulta el precio del sistema HS-221 para eliminar humedades por capilaridad sin obras. Incluye diagn\u00f3stico gratuito, instalaci\u00f3n y garant\u00eda o devoluci\u00f3n.\" \/>\n<meta name=\"robots\" content=\"index, follow, max-snippet:-1, max-image-preview:large, max-video-preview:-1\" \/>\n<link rel=\"canonical\" href=\"https:\/\/humifin.es\/pt\/produto\/hs-221\/\" \/>\n<meta property=\"og:locale\" content=\"pt_PT\" \/>\n<meta property=\"og:type\" content=\"article\" \/>\n<meta property=\"og:title\" content=\"HS-221 Precio: Sistema antihumedad sin obras | Humifin\" \/>\n<meta property=\"og:description\" content=\"Consulta el precio del sistema HS-221 para eliminar humedades por capilaridad sin obras. Incluye diagn\u00f3stico gratuito, instalaci\u00f3n y garant\u00eda o devoluci\u00f3n.\" \/>\n<meta property=\"og:url\" content=\"https:\/\/humifin.es\/pt\/produto\/hs-221\/\" \/>\n<meta property=\"og:site_name\" content=\"Humifin.es\" \/>\n<meta property=\"article:publisher\" content=\"https:\/\/www.facebook.com\/people\/Humifin\/61566971507549\/\" \/>\n<meta property=\"article:modified_time\" content=\"2026-01-27T11:30:42+00:00\" \/>\n<meta property=\"og:image\" content=\"https:\/\/humifin.es\/wp-content\/uploads\/2025\/03\/Diseno-sin-titulo-24.png\" \/>\n\t<meta property=\"og:image:width\" content=\"1080\" \/>\n\t<meta property=\"og:image:height\" content=\"1080\" \/>\n\t<meta property=\"og:image:type\" content=\"image\/png\" \/>\n<meta name=\"twitter:card\" content=\"summary_large_image\" \/>\n<meta name=\"twitter:label1\" content=\"Tempo estimado de leitura\" \/>\n\t<meta name=\"twitter:data1\" content=\"1 minuto\" \/>\n<script type=\"application\/ld+json\" class=\"yoast-schema-graph\">{\"@context\":\"https:\/\/schema.org\",\"@graph\":[{\"@type\":\"WebPage\",\"@id\":\"https:\/\/humifin.es\/producto\/hs-221\/\",\"url\":\"https:\/\/humifin.es\/producto\/hs-221\/\",\"name\":\"HS-221 Precio: Sistema antihumedad sin obras | Humifin\",\"isPartOf\":{\"@id\":\"https:\/\/humifin.es\/#website\"},\"primaryImageOfPage\":{\"@id\":\"https:\/\/humifin.es\/producto\/hs-221\/#primaryimage\"},\"image\":{\"@id\":\"https:\/\/humifin.es\/producto\/hs-221\/#primaryimage\"},\"thumbnailUrl\":\"https:\/\/humifin.es\/wp-content\/uploads\/2025\/03\/Diseno-sin-titulo-24.png\",\"datePublished\":\"2025-03-24T16:28:28+00:00\",\"dateModified\":\"2026-01-27T11:30:42+00:00\",\"description\":\"Consulta el precio del sistema HS-221 para eliminar humedades por capilaridad sin obras. Incluye diagn\u00f3stico gratuito, instalaci\u00f3n y garant\u00eda o devoluci\u00f3n.\",\"breadcrumb\":{\"@id\":\"https:\/\/humifin.es\/producto\/hs-221\/#breadcrumb\"},\"inLanguage\":\"pt-PT\",\"potentialAction\":[{\"@type\":\"ReadAction\",\"target\":[\"https:\/\/humifin.es\/producto\/hs-221\/\"]}]},{\"@type\":\"ImageObject\",\"inLanguage\":\"pt-PT\",\"@id\":\"https:\/\/humifin.es\/producto\/hs-221\/#primaryimage\",\"url\":\"https:\/\/humifin.es\/wp-content\/uploads\/2025\/03\/Diseno-sin-titulo-24.png\",\"contentUrl\":\"https:\/\/humifin.es\/wp-content\/uploads\/2025\/03\/Diseno-sin-titulo-24.png\",\"width\":1080,\"height\":1080,\"caption\":\"humedades zaragoza\"},{\"@type\":\"BreadcrumbList\",\"@id\":\"https:\/\/humifin.es\/producto\/hs-221\/#breadcrumb\",\"itemListElement\":[{\"@type\":\"ListItem\",\"position\":1,\"name\":\"Portada\",\"item\":\"https:\/\/humifin.es\/\"},{\"@type\":\"ListItem\",\"position\":2,\"name\":\"Productos\",\"item\":\"\/shop\/\"},{\"@type\":\"ListItem\",\"position\":3,\"name\":\"HS-221\"}]},{\"@type\":\"WebSite\",\"@id\":\"https:\/\/humifin.es\/#website\",\"url\":\"https:\/\/humifin.es\/\",\"name\":\"Humifin\",\"description\":\"Empresa eliminar humedades capilares\",\"publisher\":{\"@id\":\"https:\/\/humifin.es\/#organization\"},\"alternateName\":\"Humifin\",\"potentialAction\":[{\"@type\":\"SearchAction\",\"target\":{\"@type\":\"EntryPoint\",\"urlTemplate\":\"https:\/\/humifin.es\/?s={search_term_string}\"},\"query-input\":{\"@type\":\"PropertyValueSpecification\",\"valueRequired\":true,\"valueName\":\"search_term_string\"}}],\"inLanguage\":\"pt-PT\"},{\"@type\":\"Organization\",\"@id\":\"https:\/\/humifin.es\/#organization\",\"name\":\"Humifin\",\"alternateName\":\"Humifin Soluciones Antihumedad\",\"url\":\"https:\/\/humifin.es\/\",\"logo\":{\"@type\":\"ImageObject\",\"inLanguage\":\"pt-PT\",\"@id\":\"https:\/\/humifin.es\/#\/schema\/logo\/image\/\",\"url\":\"https:\/\/humifin.es\/wp-content\/uploads\/2025\/01\/cropped-Logo-Humifin-1.avif\",\"contentUrl\":\"https:\/\/humifin.es\/wp-content\/uploads\/2025\/01\/cropped-Logo-Humifin-1.avif\",\"width\":700,\"height\":157,\"caption\":\"Humifin\"},\"image\":{\"@id\":\"https:\/\/humifin.es\/#\/schema\/logo\/image\/\"},\"sameAs\":[\"https:\/\/www.facebook.com\/people\/Humifin\/61566971507549\/\",\"https:\/\/www.linkedin.com\/company\/humifin\/\",\"https:\/\/www.instagram.com\/humifin.es\/\"]}]}<\/script>\n<!-- \/ Yoast SEO plugin. -->","yoast_head_json":{"title":"HS-221 Precio: Sistema antihumedad sin obras | Humifin","description":"Consulta el precio del sistema HS-221 para eliminar humedades por capilaridad sin obras. Incluye diagn\u00f3stico gratuito, instalaci\u00f3n y garant\u00eda o devoluci\u00f3n.","robots":{"index":"index","follow":"follow","max-snippet":"max-snippet:-1","max-image-preview":"max-image-preview:large","max-video-preview":"max-video-preview:-1"},"canonical":"https:\/\/humifin.es\/pt\/produto\/hs-221\/","og_locale":"pt_PT","og_type":"article","og_title":"HS-221 Precio: Sistema antihumedad sin obras | Humifin","og_description":"Consulta el precio del sistema HS-221 para eliminar humedades por capilaridad sin obras. Incluye diagn\u00f3stico gratuito, instalaci\u00f3n y garant\u00eda o devoluci\u00f3n.","og_url":"https:\/\/humifin.es\/pt\/produto\/hs-221\/","og_site_name":"Humifin.es","article_publisher":"https:\/\/www.facebook.com\/people\/Humifin\/61566971507549\/","article_modified_time":"2026-01-27T11:30:42+00:00","og_image":[{"width":1080,"height":1080,"url":"https:\/\/humifin.es\/wp-content\/uploads\/2025\/03\/Diseno-sin-titulo-24.png","type":"image\/png"}],"twitter_card":"summary_large_image","twitter_misc":{"Tempo estimado de leitura":"1 minuto"},"schema":{"@context":"https:\/\/schema.org","@graph":[{"@type":"WebPage","@id":"https:\/\/humifin.es\/producto\/hs-221\/","url":"https:\/\/humifin.es\/producto\/hs-221\/","name":"HS-221 Precio: Sistema antihumedad sin obras | Humifin","isPartOf":{"@id":"https:\/\/humifin.es\/#website"},"primaryImageOfPage":{"@id":"https:\/\/humifin.es\/producto\/hs-221\/#primaryimage"},"image":{"@id":"https:\/\/humifin.es\/producto\/hs-221\/#primaryimage"},"thumbnailUrl":"https:\/\/humifin.es\/wp-content\/uploads\/2025\/03\/Diseno-sin-titulo-24.png","datePublished":"2025-03-24T16:28:28+00:00","dateModified":"2026-01-27T11:30:42+00:00","description":"Consulta el precio del sistema HS-221 para eliminar humedades por capilaridad sin obras. Incluye diagn\u00f3stico gratuito, instalaci\u00f3n y garant\u00eda o devoluci\u00f3n.","breadcrumb":{"@id":"https:\/\/humifin.es\/producto\/hs-221\/#breadcrumb"},"inLanguage":"pt-PT","potentialAction":[{"@type":"ReadAction","target":["https:\/\/humifin.es\/producto\/hs-221\/"]}]},{"@type":"ImageObject","inLanguage":"pt-PT","@id":"https:\/\/humifin.es\/producto\/hs-221\/#primaryimage","url":"https:\/\/humifin.es\/wp-content\/uploads\/2025\/03\/Diseno-sin-titulo-24.png","contentUrl":"https:\/\/humifin.es\/wp-content\/uploads\/2025\/03\/Diseno-sin-titulo-24.png","width":1080,"height":1080,"caption":"humedades zaragoza"},{"@type":"BreadcrumbList","@id":"https:\/\/humifin.es\/producto\/hs-221\/#breadcrumb","itemListElement":[{"@type":"ListItem","position":1,"name":"Portada","item":"https:\/\/humifin.es\/"},{"@type":"ListItem","position":2,"name":"Productos","item":"\/shop\/"},{"@type":"ListItem","position":3,"name":"HS-221"}]},{"@type":"WebSite","@id":"https:\/\/humifin.es\/#website","url":"https:\/\/humifin.es\/","name":"Humifin","description":"Empresa eliminar humedades capilares","publisher":{"@id":"https:\/\/humifin.es\/#organization"},"alternateName":"Humifin","potentialAction":[{"@type":"SearchAction","target":{"@type":"EntryPoint","urlTemplate":"https:\/\/humifin.es\/?s={search_term_string}"},"query-input":{"@type":"PropertyValueSpecification","valueRequired":true,"valueName":"search_term_string"}}],"inLanguage":"pt-PT"},{"@type":"Organization","@id":"https:\/\/humifin.es\/#organization","name":"Humifin","alternateName":"Humifin Soluciones Antihumedad","url":"https:\/\/humifin.es\/","logo":{"@type":"ImageObject","inLanguage":"pt-PT","@id":"https:\/\/humifin.es\/#\/schema\/logo\/image\/","url":"https:\/\/humifin.es\/wp-content\/uploads\/2025\/01\/cropped-Logo-Humifin-1.avif","contentUrl":"https:\/\/humifin.es\/wp-content\/uploads\/2025\/01\/cropped-Logo-Humifin-1.avif","width":700,"height":157,"caption":"Humifin"},"image":{"@id":"https:\/\/humifin.es\/#\/schema\/logo\/image\/"},"sameAs":["https:\/\/www.facebook.com\/people\/Humifin\/61566971507549\/","https:\/\/www.linkedin.com\/company\/humifin\/","https:\/\/www.instagram.com\/humifin.es\/"]}]}},"uagb_featured_image_src":{"full":["https:\/\/humifin.es\/wp-content\/uploads\/2025\/03\/Diseno-sin-titulo-24.png",1080,1080,false],"thumbnail":["https:\/\/humifin.es\/wp-content\/uploads\/2025\/03\/Diseno-sin-titulo-24-150x150.png",150,150,true],"medium":["https:\/\/humifin.es\/wp-content\/uploads\/2025\/03\/Diseno-sin-titulo-24-300x300.png",300,300,true],"medium_large":["https:\/\/humifin.es\/wp-content\/uploads\/2025\/03\/Diseno-sin-titulo-24-768x768.png",768,768,true],"large":["https:\/\/humifin.es\/wp-content\/uploads\/2025\/03\/Diseno-sin-titulo-24-1024x1024.png",1024,1024,true],"1536x1536":["https:\/\/humifin.es\/wp-content\/uploads\/2025\/03\/Diseno-sin-titulo-24.png",1080,1080,false],"2048x2048":["https:\/\/humifin.es\/wp-content\/uploads\/2025\/03\/Diseno-sin-titulo-24.png",1080,1080,false],"trp-custom-language-flag":["https:\/\/humifin.es\/wp-content\/uploads\/2025\/03\/Diseno-sin-titulo-24.png",12,12,false],"woocommerce_thumbnail":["https:\/\/humifin.es\/wp-content\/uploads\/2025\/03\/Diseno-sin-titulo-24-300x300.png",300,300,true],"woocommerce_single":["https:\/\/humifin.es\/wp-content\/uploads\/2025\/03\/Diseno-sin-titulo-24-600x600.png",600,600,true],"woocommerce_gallery_thumbnail":["https:\/\/humifin.es\/wp-content\/uploads\/2025\/03\/Diseno-sin-titulo-24-100x100.png",100,100,true]},"uagb_author_info":{"display_name":"info@humifin.es","author_link":"https:\/\/humifin.es\/pt\/blog\/author\/"},"uagb_comment_info":0,"uagb_excerpt":"SISTEMA HS-221 La humedad por capilaridad en las paredes tiene soluci\u00f3n definitiva con nuestro sistema HS-221, disponible en tres versiones adaptadas a distintas necesidades. HS-221 Est\u00e1ndar: Cubre superficies desde 50m\u00b2 hasta 2500m\u00b2, con garant\u00eda de 30 a\u00f1os y garant\u00eda de secado.","_links":{"self":[{"href":"https:\/\/humifin.es\/pt\/wp-json\/wp\/v2\/product\/1917","targetHints":{"allow":["GET"]}}],"collection":[{"href":"https:\/\/humifin.es\/pt\/wp-json\/wp\/v2\/product"}],"about":[{"href":"https:\/\/humifin.es\/pt\/wp-json\/wp\/v2\/types\/product"}],"wp:featuredmedia":[{"embeddable":true,"href":"https:\/\/humifin.es\/pt\/wp-json\/wp\/v2\/media\/2070"}],"wp:attachment":[{"href":"https:\/\/humifin.es\/pt\/wp-json\/wp\/v2\/media?parent=1917"}],"wp:term":[{"taxonomy":"product_brand","embeddable":true,"href":"https:\/\/humifin.es\/pt\/wp-json\/wp\/v2\/product_brand?post=1917"},{"taxonomy":"product_cat","embeddable":true,"href":"https:\/\/humifin.es\/pt\/wp-json\/wp\/v2\/product_cat?post=1917"},{"taxonomy":"product_tag","embeddable":true,"href":"https:\/\/humifin.es\/pt\/wp-json\/wp\/v2\/product_tag?post=1917"}],"curies":[{"name":"wp","href":"https:\/\/api.w.org\/{rel}","templated":true}]}}